{"id":57,"date":"2016-10-23T21:07:05","date_gmt":"2016-10-23T19:07:05","guid":{"rendered":"http:\/\/www.christoph-koch.at\/de\/?page_id=57"},"modified":"2016-11-14T17:20:53","modified_gmt":"2016-11-14T16:20:53","slug":"psychotherapie","status":"publish","type":"page","link":"https:\/\/www.christoph-koch.at\/de\/psychotherapie\/","title":{"rendered":"Psychotherapie"},"content":{"rendered":"<p><img loading=\"lazy\" class=\"alignnone size-full wp-image-95 alignleft\" src=\"http:\/\/www.christoph-koch.at\/de\/wp-content\/uploads\/2016\/10\/horchen.jpg\" alt=\"horchen\" width=\"310\" height=\"403\" srcset=\"https:\/\/www.christoph-koch.at\/de\/wp-content\/uploads\/2016\/10\/horchen.jpg 310w, https:\/\/www.christoph-koch.at\/de\/wp-content\/uploads\/2016\/10\/horchen-231x300.jpg 231w\" sizes=\"(max-width: 310px) 100vw, 310px\" \/>\u201eMit allen Sinnen muss der Mensch versuchen, den wahren Rhythmus zu erlauschen.\u201c Dieser Satz aus dem Buch <em>Der spielende Mensch<\/em> von Hugo Rahner begleitet mich pers\u00f6nlich und auch in meinem Selbstverst\u00e4ndnis als Psychotherapeut.<\/p>\n<p>Ich m\u00f6chte Menschen darin unterst\u00fctzen, auf ihre tiefere Intuition hinzuh\u00f6ren. Darum spielen f\u00fcr mich Methoden eine wichtige Rolle, die unbewusste Bilder und Gef\u00fchle zum Ausdruck bringen k\u00f6nnen. So kann das entdeckt werden, was jeder an M\u00f6glichkeiten in sich tr\u00e4gt und k\u00f6nnen jene L\u00f6sungen und Wege gefunden werden, die sich vielleicht schon lange im Inneren bereithalten und darauf warten, entdeckt zu werden.<\/p>\n<p>Der griechische Philosoph <strong>Sokrates<\/strong> hat seine Art zu philosophieren als Hebammenkunst (Maieutik) bezeichnet. Sokrates sagt, er wolle nicht selbst Weisheit geb\u00e4ren, sondern anderen zur Geburt ihrer Ideen verhelfen. Jeder Mensch kenne selbst die richtigen Antworten. F\u00fcr mich best\u00e4tigt sich in der Therapie immer wieder: Wenn ein offener Raum geschaffen wird durch aufmerksames, wohlwollendes Zuh\u00f6ren und Fragen, beginnen Menschen ihr Eigenes zu entdecken und sich zu ver\u00e4ndern.<\/p>\n","protected":false},"excerpt":{"rendered":"<p>\u201eMit allen Sinnen muss der Mensch versuchen, den wahren Rhythmus zu erlauschen.\u201c Dieser Satz aus dem Buch Der spielende Mensch von Hugo Rahner begleitet mich pers\u00f6nlich und auch in meinem Selbstverst\u00e4ndnis als Psychotherapeut. Ich m\u00f6chte Menschen darin unterst\u00fctzen, auf ihre tiefere Intuition hinzuh\u00f6ren. Darum spielen f\u00fcr mich Methoden eine wichtige Rolle, die unbewusste Bilder und [&hellip;]<\/p>\n","protected":false},"author":1,"featured_media":0,"parent":0,"menu_order":0,"comment_status":"closed","ping_status":"closed","template":"","meta":{"amp_status":""},"_links":{"self":[{"href":"https:\/\/www.christoph-koch.at\/de\/wp-json\/wp\/v2\/pages\/57"}],"collection":[{"href":"https:\/\/www.christoph-koch.at\/de\/wp-json\/wp\/v2\/pages"}],"about":[{"href":"https:\/\/www.christoph-koch.at\/de\/wp-json\/wp\/v2\/types\/page"}],"author":[{"embeddable":true,"href":"https:\/\/www.christoph-koch.at\/de\/wp-json\/wp\/v2\/users\/1"}],"replies":[{"embeddable":true,"href":"https:\/\/www.christoph-koch.at\/de\/wp-json\/wp\/v2\/comments?post=57"}],"version-history":[{"count":26,"href":"https:\/\/www.christoph-koch.at\/de\/wp-json\/wp\/v2\/pages\/57\/revisions"}],"predecessor-version":[{"id":253,"href":"https:\/\/www.christoph-koch.at\/de\/wp-json\/wp\/v2\/pages\/57\/revisions\/253"}],"wp:attachment":[{"href":"https:\/\/www.christoph-koch.at\/de\/wp-json\/wp\/v2\/media?parent=57"}],"curies":[{"name":"wp","href":"https:\/\/api.w.org\/{rel}","templated":true}]}}