{"id":16,"date":"2016-10-23T12:20:31","date_gmt":"2016-10-23T10:20:31","guid":{"rendered":"http:\/\/www.christoph-koch.at\/de\/?page_id=16"},"modified":"2016-12-11T15:30:02","modified_gmt":"2016-12-11T14:30:02","slug":"kontakt","status":"publish","type":"page","link":"https:\/\/www.christoph-koch.at\/de\/kontakt\/","title":{"rendered":"Kontakt"},"content":{"rendered":"<table>\n<tr>\n<td>\n<h5>PSYCHOTHERAPEUTISCHE PRAXIS<\/h5>\n<h6>Mag. Christoph Koch<\/h6>\n<p>Kaiserstra\u00dfe 31<br \/>\nA-6900 Bregenz<br \/>Email: <a href=\"mailto:chr.koch@aon.at\">chr.koch@aon.at<\/a><br \/>\nTelefon: +43 664 5660957<\/td>\n<td>\n\n\t\t<style type=\"text\/css\">\n\t\t\t#gallery-1 {\n\t\t\t\tmargin: auto;\n\t\t\t}\n\t\t\t#gallery-1 .gallery-item {\n\t\t\t\tfloat: left;\n\t\t\t\tmargin-top: 10px;\n\t\t\t\ttext-align: center;\n\t\t\t\twidth: 33%;\n\t\t\t}\n\t\t\t#gallery-1 img {\n\t\t\t\tborder: 2px solid #cfcfcf;\n\t\t\t}\n\t\t\t#gallery-1 .gallery-caption {\n\t\t\t\tmargin-left: 0;\n\t\t\t}\n\t\t\t\/* see gallery_shortcode() in wp-includes\/media.php *\/\n\t\t<\/style>\n\t\t<div id='gallery-1' class='gallery galleryid-16 gallery-columns-3 gallery-size-thumbnail'><dl class='gallery-item'>\n\t\t\t<dt class='gallery-icon landscape'>\n\t\t\t\t<a href='https:\/\/www.christoph-koch.at\/de\/kontakt\/praxis-2\/'><img width=\"256\" height=\"192\" src=\"https:\/\/www.christoph-koch.at\/de\/wp-content\/uploads\/2016\/10\/Praxis-1-256x192.jpg\" class=\"attachment-thumbnail size-thumbnail\" alt=\"\" loading=\"lazy\" srcset=\"https:\/\/www.christoph-koch.at\/de\/wp-content\/uploads\/2016\/10\/Praxis-1-256x192.jpg 256w, https:\/\/www.christoph-koch.at\/de\/wp-content\/uploads\/2016\/10\/Praxis-1.jpg 800w, https:\/\/www.christoph-koch.at\/de\/wp-content\/uploads\/2016\/10\/Praxis-1-768x576.jpg 768w, https:\/\/www.christoph-koch.at\/de\/wp-content\/uploads\/2016\/10\/Praxis-1-120x90.jpg 120w, https:\/\/www.christoph-koch.at\/de\/wp-content\/uploads\/2016\/10\/Praxis-1-508x381.jpg 508w\" sizes=\"(max-width: 256px) 100vw, 256px\" \/><\/a>\n\t\t\t<\/dt><\/dl>\n\t\t\t<br style='clear: both' \/>\n\t\t<\/div>\n\n<\/td>\n<\/tr>\n<\/table>\n<p><iframe loading=\"lazy\" style=\"border: 0;\" src=\"https:\/\/www.google.com\/maps\/embed?pb=!1m18!1m12!1m3!1d2695.294953917501!2d9.743162550629243!3d47.50364677907581!2m3!1f0!2f0!3f0!3m2!1i1024!2i768!4f13.1!3m3!1m2!1s0x479b12a1c0096f57%3A0xa58228c0b2a02990!2sMag.+Christoph+Koch!5e0!3m2!1sde!2sat!4v1477250193822\" width=\"100%\" height=\"450\" frameborder=\"0\" allowfullscreen=\"allowfullscreen\"><\/iframe><\/p>\n<p>\n<strong>RECHTLICHE HINWEISE:<\/strong><br \/>\nDie Inhalte dieser Website werden mit gr\u00f6\u00dftm\u00f6glicher Sorgfalt erstellt. Der Anbieter \u00fcbernimmt jedoch keine Gew\u00e4hr f\u00fcr die Richtigkeit, Vollst\u00e4ndigkeit und Aktualit\u00e4t der bereitgestellten Inhalte. Die Nutzung der Inhalte der Website erfolgt auf eigeneGefahr des Nutzers. Namentlich gekennzeichnete Beitr\u00e4ge geben die Meinung des jeweiligen Autors und nicht immer die Meinung des Anbieters wieder. Mit der reinen Nutzung der Website des Anbieters kommt keinerlei Vertragsverh\u00e4ltnis zwischen dem Nutzer und dem Anbieter zustande.<br \/>\nDiese Website enth\u00e4lt Verkn\u00fcpfungen zu Websites Dritter (&#8222;externe Links&#8220;). Diese Websites unterliegen der Haftung der jeweiligen Betreiber. Der Anbieter hat bei der erstmaligen Verkn\u00fcpfung der externen Links die fremden Inhalte daraufhin \u00fcberpr\u00fcft, ob etwaige Rechtsverst\u00f6\u00dfe bestehen. Zu dem Zeitpunkt waren keine Rechtsverst\u00f6\u00dfe ersichtlich. Der Anbieter hat keinerlei Einfluss auf die aktuelle und zuk\u00fcnftige Gestaltung und auf die Inhalte der verkn\u00fcpften Seiten. Das Setzen von externen Links bedeutet nicht, dass sich der Anbieter die hinter dem Verweis oder Link liegenden Inhalte zu Eigen macht. Eine st\u00e4ndige Kontrolle der externen Links ist f\u00fcr den Anbieter ohne konkrete Hinweise auf Rechtsverst\u00f6\u00dfe nicht zumutbar. Bei Kenntnis von Rechtsverst\u00f6\u00dfen werden jedoch derartige externe Links unverz\u00fcglich gel\u00f6scht.<\/p>\n","protected":false},"excerpt":{"rendered":"<p>PSYCHOTHERAPEUTISCHE PRAXIS Mag. Christoph Koch Kaiserstra\u00dfe 31 A-6900 BregenzEmail: chr.koch@aon.at Telefon: +43 664 5660957 RECHTLICHE HINWEISE: Die Inhalte dieser Website werden mit gr\u00f6\u00dftm\u00f6glicher Sorgfalt erstellt. Der Anbieter \u00fcbernimmt jedoch keine Gew\u00e4hr f\u00fcr die Richtigkeit, Vollst\u00e4ndigkeit und Aktualit\u00e4t der bereitgestellten Inhalte. Die Nutzung der Inhalte der Website erfolgt auf eigeneGefahr des Nutzers. Namentlich gekennzeichnete Beitr\u00e4ge geben [&hellip;]<\/p>\n","protected":false},"author":1,"featured_media":0,"parent":0,"menu_order":6,"comment_status":"closed","ping_status":"closed","template":"","meta":{"amp_status":""},"_links":{"self":[{"href":"https:\/\/www.christoph-koch.at\/de\/wp-json\/wp\/v2\/pages\/16"}],"collection":[{"href":"https:\/\/www.christoph-koch.at\/de\/wp-json\/wp\/v2\/pages"}],"about":[{"href":"https:\/\/www.christoph-koch.at\/de\/wp-json\/wp\/v2\/types\/page"}],"author":[{"embeddable":true,"href":"https:\/\/www.christoph-koch.at\/de\/wp-json\/wp\/v2\/users\/1"}],"replies":[{"embeddable":true,"href":"https:\/\/www.christoph-koch.at\/de\/wp-json\/wp\/v2\/comments?post=16"}],"version-history":[{"count":23,"href":"https:\/\/www.christoph-koch.at\/de\/wp-json\/wp\/v2\/pages\/16\/revisions"}],"predecessor-version":[{"id":309,"href":"https:\/\/www.christoph-koch.at\/de\/wp-json\/wp\/v2\/pages\/16\/revisions\/309"}],"wp:attachment":[{"href":"https:\/\/www.christoph-koch.at\/de\/wp-json\/wp\/v2\/media?parent=16"}],"curies":[{"name":"wp","href":"https:\/\/api.w.org\/{rel}","templated":true}]}}