{"id":115,"date":"2019-04-01T18:28:36","date_gmt":"2019-04-01T16:28:36","guid":{"rendered":"http:\/\/www.christoph-koch.at\/de\/?page_id=115"},"modified":"2022-06-05T22:24:07","modified_gmt":"2022-06-05T20:24:07","slug":"ueber-mich","status":"publish","type":"page","link":"https:\/\/www.christoph-koch.at\/de\/ueber-mich\/","title":{"rendered":"\u00dcber mich"},"content":{"rendered":"<p><img loading=\"lazy\" class=\"alignnone  wp-image-311\" src=\"http:\/\/www.christoph-koch.at\/de\/wp-content\/uploads\/2019\/04\/Christoph-Koch-3.jpg\" alt=\"\" width=\"487\" height=\"478\" srcset=\"https:\/\/www.christoph-koch.at\/de\/wp-content\/uploads\/2019\/04\/Christoph-Koch-3.jpg 852w, https:\/\/www.christoph-koch.at\/de\/wp-content\/uploads\/2019\/04\/Christoph-Koch-3-800x785.jpg 800w, https:\/\/www.christoph-koch.at\/de\/wp-content\/uploads\/2019\/04\/Christoph-Koch-3-768x754.jpg 768w, https:\/\/www.christoph-koch.at\/de\/wp-content\/uploads\/2019\/04\/Christoph-Koch-3-92x90.jpg 92w, https:\/\/www.christoph-koch.at\/de\/wp-content\/uploads\/2019\/04\/Christoph-Koch-3-508x498.jpg 508w\" sizes=\"(max-width: 487px) 100vw, 487px\" \/><\/p>\n<p>Ich arbeite seit 24 Jahren als Psychotherapeut.<\/p>\n<p><strong>Schwerpunkte: <\/strong><br \/>\n\u00c4ngste, Depressionen und Burnout, Neuorientierung und Entscheidungsfindungsprozesse, Spiritualit\u00e4t<\/p>\n<p><strong>Meine Ausbildungen: <\/strong><br \/>\nTheologiestudium in Innsbruck und Medellin (Kolumbien)<br \/>\nPsychotherapeutische Ausbildung in Wien (\u00d6AGG\/Psychodrama) und \u00dcberlingen (Morenoinstitut)<br \/>\nAusbildung zum Supervisor und Coach am Moreno-Institut Stuttgart<br \/>\nFortbildungen: Psychoanalyse, Systemische Familientherapie, NLP, Palliativpflege;\u00a0 Katathym Imaginative Psychotraumatherapie;<\/p>\n<h1 id=\"cc-m-header-7082985718\" class=\"\"><\/h1>\n<p><img loading=\"lazy\" class=\"transparent\" src=\"http:\/\/www.christoph-koch.at\/de\/wp-content\/uploads\/2016\/10\/trans.png\" alt=\"transp\" width=\"20\" height=\"6\" \/><\/p>\n<p><strong>Berufliche T\u00e4tigkeiten:<\/strong><br \/>\nNach dem Studium der Theologie zuerst Offene Jugendarbeit, dann Unterrichtst\u00e4tigkeit an Berufsbildenden h\u00f6heren Schulen und an der Sozialakademie Bregenz<br \/>\nPsychotherapie mit suchtkranken Menschen in der Justizanstalt Feldkirch und im Clean Feldkirch (Stiftung Maria Ebene)<br \/>\nUnterrichtst\u00e4tigkeit\u00a0 an der Schule f\u00fcr Sozialberufe Bregenz\u00a0 (an dieser Schule bin ich auch aktuell t\u00e4tig)<br \/>\nPsychotherapeut in eigener Praxis.<\/p>\n","protected":false},"excerpt":{"rendered":"<p>Ich arbeite seit 24 Jahren als Psychotherapeut. Schwerpunkte: \u00c4ngste, Depressionen und Burnout, Neuorientierung und Entscheidungsfindungsprozesse, Spiritualit\u00e4t Meine Ausbildungen: Theologiestudium in Innsbruck und Medellin (Kolumbien) Psychotherapeutische Ausbildung in Wien (\u00d6AGG\/Psychodrama) und \u00dcberlingen (Morenoinstitut) Ausbildung zum Supervisor und Coach am Moreno-Institut Stuttgart Fortbildungen: Psychoanalyse, Systemische Familientherapie, NLP, Palliativpflege;\u00a0 Katathym Imaginative Psychotraumatherapie; Berufliche T\u00e4tigkeiten: Nach dem Studium der [&hellip;]<\/p>\n","protected":false},"author":1,"featured_media":0,"parent":0,"menu_order":0,"comment_status":"closed","ping_status":"closed","template":"","meta":{"amp_status":""},"_links":{"self":[{"href":"https:\/\/www.christoph-koch.at\/de\/wp-json\/wp\/v2\/pages\/115"}],"collection":[{"href":"https:\/\/www.christoph-koch.at\/de\/wp-json\/wp\/v2\/pages"}],"about":[{"href":"https:\/\/www.christoph-koch.at\/de\/wp-json\/wp\/v2\/types\/page"}],"author":[{"embeddable":true,"href":"https:\/\/www.christoph-koch.at\/de\/wp-json\/wp\/v2\/users\/1"}],"replies":[{"embeddable":true,"href":"https:\/\/www.christoph-koch.at\/de\/wp-json\/wp\/v2\/comments?post=115"}],"version-history":[{"count":66,"href":"https:\/\/www.christoph-koch.at\/de\/wp-json\/wp\/v2\/pages\/115\/revisions"}],"predecessor-version":[{"id":344,"href":"https:\/\/www.christoph-koch.at\/de\/wp-json\/wp\/v2\/pages\/115\/revisions\/344"}],"wp:attachment":[{"href":"https:\/\/www.christoph-koch.at\/de\/wp-json\/wp\/v2\/media?parent=115"}],"curies":[{"name":"wp","href":"https:\/\/api.w.org\/{rel}","templated":true}]}}